{"id":11806,"date":"2025-06-03T13:23:48","date_gmt":"2025-06-03T20:23:48","guid":{"rendered":"https:\/\/soleviah.com\/?page_id=11806"},"modified":"2025-06-18T10:56:20","modified_gmt":"2025-06-18T17:56:20","slug":"faq","status":"publish","type":"page","link":"https:\/\/soleviah.com\/it\/faq\/","title":{"rendered":"FAQ"},"content":{"rendered":"<div data-elementor-type=\"wp-page\" data-elementor-id=\"11806\" class=\"elementor elementor-11806\" data-elementor-post-type=\"page\">\n\t\t\t\t<div class=\"elementor-element elementor-element-b63d18e e-flex e-con-boxed e-con e-parent\" data-id=\"b63d18e\" data-element_type=\"container\">\n\t\t\t\t\t<div class=\"e-con-inner\">\n\t\t\t\t<div class=\"elementor-element elementor-element-a59d384 elementor-widget elementor-widget-html\" data-id=\"a59d384\" data-element_type=\"widget\" data-widget_type=\"html.default\">\n\t\t\t\t<div class=\"elementor-widget-container\">\n\t\t\t\t\t<!-- Google Fonts - \u66f4\u6362\u4e3aConcert One\u5b57\u4f53 -->\n<link href=\"https:\/\/fonts.googleapis.com\/css2?family=Asap:wght@100&display=swap\" rel=\"stylesheet\">\n\n<!-- Accordion\u5bb9\u5668 -->\n<div class=\"custom-accordion-wrapper\">\n  <style>\n    \/* Accordion\u6837\u5f0f *\/\n    .custom-accordion-wrapper .custom-accordion .accordion-item {\n      margin-bottom: 20px;\n      transition: margin-bottom 0.3s ease; \/* \u6dfb\u52a0\u8fc7\u6e21\u6548\u679c *\/\n    }\n    \n    \/* \u6dfb\u52a0\u65b0\u7684\u6837\u5f0f\u89c4\u5219 - \u5f53accordion\u5c55\u5f00\u65f6\u589e\u52a0\u5e95\u90e8\u95f4\u8ddd *\/\n    .custom-accordion-wrapper .custom-accordion .accordion-item:has(.accordion-header.active) {\n      margin-bottom: 20px; \/* \u53ef\u4ee5\u6839\u636e\u9700\u8981\u8c03\u6574\u8fd9\u4e2a\u503c *\/\n    }\n\n    .custom-accordion-wrapper .custom-accordion .accordion-header {\n      display: flex;\n      align-items: center;\n      cursor: pointer;\n      padding: 8px 0;\n    }\n\n    .custom-accordion-wrapper .custom-accordion .accordion-header .icon {\n      display: inline-block;\n      width: 30px;\n      height: 30px;\n      position: relative;\n      margin-right: 10px;\n      border: 1px solid #9c9691;\n      border-radius: 50%;\n      transition: transform 0.3s ease, background-color 0.3s ease, border-color 0.3s ease;\n      flex-shrink: 0;\n    }\n\n    .custom-accordion-wrapper .custom-accordion .accordion-header .icon::before,\n    .custom-accordion-wrapper .custom-accordion .accordion-header .icon::after {\n      content: '';\n      position: absolute;\n      background-color: #212120;\n    }\n\n    .custom-accordion-wrapper .custom-accordion .accordion-header .icon::before {\n      width: 1px;\n      height: 10px;\n      left: 50%;\n      top: 50%;\n      transform: translate(-50%, -50%);\n    }\n\n    .custom-accordion-wrapper .custom-accordion .accordion-header .icon::after {\n      width: 10px;\n      height: 1px;\n      left: 50%;\n      top: 50%;\n      transform: translate(-50%, -50%);\n    }\n\n    .custom-accordion-wrapper .custom-accordion .accordion-header:hover .icon {\n      transform: rotate(135deg);\n    }\n\n    .custom-accordion-wrapper .custom-accordion .accordion-header.active .icon {\n      background-color: #212120;\n      border-color: #000000;\n      transform: rotate(-180deg);\n    }\n\n    .custom-accordion-wrapper .custom-accordion .accordion-header.active .icon::before {\n      display: none;\n    }\n\n    .custom-accordion-wrapper .custom-accordion .accordion-header.active .icon::after {\n      width: 10px;\n      height: 1px;\n      background-color: #ffffff;\n    }\n\n    \/* \u6807\u9898\u6837\u5f0f - \u66f4\u65b0\u5b57\u4f53\u3001\u5b57\u53f7\u548c\u5b57\u91cd *\/\n    .custom-accordion-wrapper .custom-accordion .accordion-header .title {\n      font-family: 'Asap', sans-serif;\n      font-size: 18px; \/* \u4ece13px\u589e\u52a0\u523018px *\/\n      font-weight: 400; \/* Concert One\u5b57\u4f53\u53ea\u6709400\u5b57\u91cd *\/\n      color: #212120;\n      margin: 0;\n      line-height: 1.4;\n      letter-spacing: 0.5px; \/* \u589e\u52a0\u5b57\u95f4\u8ddd\u63d0\u5347\u53ef\u8bfb\u6027 *\/\n    }\n\n    \/* \u5185\u5bb9\u6837\u5f0f - \u66f4\u65b0\u5b57\u4f53\u3001\u5b57\u53f7\u548c\u5b57\u91cd *\/\n    .custom-accordion-wrapper .custom-accordion .accordion-content {\n      max-height: 0;\n      overflow: hidden;\n      transition: max-height 0.5s ease;\n      padding: 0 10px;\n      font-family: 'Asap', sans-serif;\n      font-weight: 400; \/* Concert One\u5b57\u4f53\u53ea\u6709400\u5b57\u91cd *\/\n      font-size: 16px; \/* \u8bbe\u7f6e\u5185\u5bb9\u5b57\u53f7\u4e3a16px *\/\n      line-height: 1.6; \/* \u589e\u52a0\u884c\u9ad8\u63d0\u5347\u53ef\u8bfb\u6027 *\/\n      color: #474747;\n    }\n\n    \/* \u5185\u5bb9\u6bb5\u843d\u6837\u5f0f *\/\n    .custom-accordion-wrapper .custom-accordion .accordion-content p {\n      margin: 10px 0;\n      font-family: 'Asap', sans-serif;\n      font-size: 16px;\n      font-weight: 400;\n    }\n  <\/style>\n\n  <!-- Accordion HTML\u7ed3\u6784 -->\n  <div class=\"custom-accordion\">\n    <div class=\"accordion-item\">\n      <div class=\"accordion-header\">\n        <span class=\"icon\"><\/span>\n        <span class=\"title\">D1: Quali metodi di pagamento accettate?<\/span>\n      <\/div>\n      <div class=\"accordion-content\">\n        <p>Accettiamo carte di credito internazionali e PayPal, entrambe opzioni di pagamento sicure e convenienti.<\/p>\n      <\/div>\n    <\/div>\n    <div class=\"accordion-item\">\n      <div class=\"accordion-header\">\n        <span class=\"icon\"><\/span>\n        <span class=\"title\">D2: Offrite spedizioni internazionali? Quanto costa la spedizione?<\/span>\n      <\/div>\n      <div class=\"accordion-content\">\n        <p>Offriamo spedizioni in tutto il mondo. Le spese di spedizione sono calcolate in base all'indirizzo di consegna e al metodo di spedizione, e il sistema le visualizzer\u00e0 automaticamente durante il checkout.<\/p>\n      <\/div>\n    <\/div>\n    <div class=\"accordion-item\">\n      <div class=\"accordion-header\">\n        <span class=\"icon\"><\/span>\n        <span class=\"title\">D3: Posso restituire gli articoli?<\/span>\n      <\/div>\n      <div class=\"accordion-content\">\n        <p>S\u00ec, \u00e8 possibile. Per maggiori dettagli, consultare la nostra \"Politica di restituzione\".<\/p>\n      <\/div>\n    <\/div>\n    <div class=\"accordion-item\">\n      <div class=\"accordion-header\">\n        <span class=\"icon\"><\/span>\n        <span class=\"title\">D4: Quali sono i materiali utilizzati?<\/span>\n      <\/div>\n      <div class=\"accordion-content\">\n        <p>Utilizziamo materiali di alta qualit\u00e0, tra cui rame, zirconi e perle, tutti trattati con processi antiossidazione. I nostri prodotti sono resistenti allo sbiadimento, durevoli e adatti a essere indossati ripetutamente.<\/p>\n      <\/div>\n    <\/div>\n    <div class=\"accordion-item\">\n      <div class=\"accordion-header\">\n        <span class=\"icon\"><\/span>\n        <span class=\"title\">D5: Posso effettuare ordini personalizzati?<\/span>\n      <\/div>\n      <div class=\"accordion-content\">\n        <p>S\u00ec, accettiamo ordini personalizzati. Contattateci se avete bisogno di una personalizzazione!<\/p>\n      <\/div>\n    <\/div>\n    <div class=\"accordion-item\">\n      <div class=\"accordion-header\">\n        <span class=\"icon\"><\/span>\n        <span class=\"title\">D6: Come devo pulire e mantenere i bottoni decorativi?<\/span>\n      <\/div>\n      <div class=\"accordion-content\">\n        <p>Si consiglia di pulire con un panno morbido e asciutto. Evitare il contatto con acqua, profumi e sostanze chimiche. Conservare in un luogo asciutto per prolungare la durata del prodotto.<\/p>\n      <\/div>\n    <\/div>\n    <div class=\"accordion-item\">\n      <div class=\"accordion-header\">\n        <span class=\"icon\"><\/span>\n        <span class=\"title\">D7: Come si usano i vostri bottoni decorativi? Devo fare dei fori o cucirli?<\/span>\n      <\/div>\n      <div class=\"accordion-content\">\n        <p>No, non \u00e8 cos\u00ec. I nostri bottoni decorativi sono dotati di una struttura di chiusura a ribalta che non richiede cuciture. \u00c8 sufficiente aprire la chiusura e posizionarla direttamente sul bottone esistente, in modo rapido e pratico.\n<\/p>\n      <\/div>\n    <\/div>\n    <div class=\"accordion-item\">\n      <div class=\"accordion-header\">\n        <span class=\"icon\"><\/span>\n        <span class=\"title\">D8: Quanto tempo ci vuole per spedire il mio ordine?<\/span>\n      <\/div>\n      <div class=\"accordion-content\">\n        <p>Gli ordini regolari saranno elaborati e spediti entro 1-3 giorni lavorativi. Potrebbero verificarsi lievi ritardi durante le festivit\u00e0. Si prega di fare riferimento alla notifica di spedizione per i dettagli specifici.<\/p>\n      <\/div>\n    <\/div>\n    <div class=\"accordion-item\">\n      <div class=\"accordion-header\">\n        <span class=\"icon\"><\/span>\n        <span class=\"title\">D9: Come posso seguire il mio ordine?<\/span>\n      <\/div>\n      <div class=\"accordion-content\">\n        <p>Dopo che l'acquisto \u00e8 andato a buon fine, vi invieremo il numero di tracking via e-mail, consentendovi di controllare personalmente lo stato di avanzamento della spedizione.<\/p>\n      <\/div>\n    <\/div>\n    \n    <div class=\"accordion-item\">\n      <div class=\"accordion-header\">\n        <span class=\"icon\"><\/span>\n        <span class=\"title\">D10: Come si utilizzano i codici sconto o le carte regalo?<\/span>\n      <\/div>\n      <div class=\"accordion-content\">\n        <p>Se si dispone di un codice sconto o di una carta regalo, \u00e8 possibile utilizzarlo durante il checkout. Cercate i campi \"Codice sconto\", \"Codice promozionale\" o \"Carta regalo\" e inserite il codice. Lo sconto verr\u00e0 applicato al totale dell'ordine prima del pagamento.<\/p>\n      <\/div>\n    <\/div>\n    \n  <\/div>\n  \n  \n\n  <script>\n    (function() {\n      \/\/ \u4f7f\u7528\u7acb\u5373\u6267\u884c\u51fd\u6570\u5305\u88f9\uff0c\u907f\u514d\u5168\u5c40\u6c61\u67d3\n      document.addEventListener('DOMContentLoaded', function () {\n        const accordionHeaders = document.querySelectorAll('.custom-accordion-wrapper .custom-accordion .accordion-header');\n\n        accordionHeaders.forEach(header => {\n          header.addEventListener('click', function () {\n            \/\/ Toggle active class for the clicked header\n            const isActive = this.classList.contains('active');\n            this.classList.toggle('active');\n\n            \/\/ Toggle display of the content\n            const content = this.nextElementSibling;\n            if (isActive) {\n              content.style.maxHeight = null;\n            } else {\n              \/\/ Before setting the max-height, we temporarily set it to auto to get the scrollHeight\n              content.style.maxHeight = content.scrollHeight + 'px';\n            }\n\n            \/\/ Close other accordion items\n            accordionHeaders.forEach(otherHeader => {\n              if (otherHeader !== this) {\n                otherHeader.classList.remove('active');\n                otherHeader.nextElementSibling.style.maxHeight = null;\n              }\n            });\n\n            \/\/ Ensure the transition effect is triggered correctly\n            if (!isActive) {\n              content.style.display = 'block'; \/\/ Ensure the content is visible\n              content.offsetHeight; \/\/ Trigger a reflow\n              content.style.maxHeight = content.scrollHeight + 'px';\n            }\n          });\n        });\n      });\n    })();\n  <\/script>\n<\/div>\n\t\t\t\t<\/div>\n\t\t\t\t<\/div>\n\t\t\t\t\t<\/div>\n\t\t\t\t<\/div>\n\t\t\t\t<\/div>","protected":false},"excerpt":{"rendered":"<p>Q1: What payment methods do you accept? We accept international credit cards and PayPal, both secure and convenient payment options. Q2: Do you offer international shipping? How much does shipping cost? We offer worldwide shipping. Shipping costs are calculated based on your delivery address and shipping method, and the system will automatically display the fees [&hellip;]<\/p>","protected":false},"author":1,"featured_media":0,"parent":0,"menu_order":0,"comment_status":"closed","ping_status":"closed","template":"","meta":{"_acf_changed":false,"footnotes":""},"class_list":["post-11806","page","type-page","status-publish","hentry"],"acf":[],"_links":{"self":[{"href":"https:\/\/soleviah.com\/it\/wp-json\/wp\/v2\/pages\/11806","targetHints":{"allow":["GET"]}}],"collection":[{"href":"https:\/\/soleviah.com\/it\/wp-json\/wp\/v2\/pages"}],"about":[{"href":"https:\/\/soleviah.com\/it\/wp-json\/wp\/v2\/types\/page"}],"author":[{"embeddable":true,"href":"https:\/\/soleviah.com\/it\/wp-json\/wp\/v2\/users\/1"}],"replies":[{"embeddable":true,"href":"https:\/\/soleviah.com\/it\/wp-json\/wp\/v2\/comments?post=11806"}],"version-history":[{"count":6,"href":"https:\/\/soleviah.com\/it\/wp-json\/wp\/v2\/pages\/11806\/revisions"}],"predecessor-version":[{"id":11963,"href":"https:\/\/soleviah.com\/it\/wp-json\/wp\/v2\/pages\/11806\/revisions\/11963"}],"wp:attachment":[{"href":"https:\/\/soleviah.com\/it\/wp-json\/wp\/v2\/media?parent=11806"}],"curies":[{"name":"wp","href":"https:\/\/api.w.org\/{rel}","templated":true}]}}