{"id":11416,"date":"2025-02-26T10:11:17","date_gmt":"2025-02-26T18:11:17","guid":{"rendered":"https:\/\/soleviah.com\/?page_id=11416"},"modified":"2025-06-22T08:53:28","modified_gmt":"2025-06-22T15:53:28","slug":"about-us","status":"publish","type":"page","link":"https:\/\/soleviah.com\/it\/about-us\/","title":{"rendered":"Chi siamo"},"content":{"rendered":"<div data-elementor-type=\"wp-page\" data-elementor-id=\"11416\" class=\"elementor elementor-11416\" data-elementor-post-type=\"page\">\n\t\t\t\t<div class=\"elementor-element elementor-element-ve39fta e-flex e-con-boxed e-con e-parent\" data-id=\"ve39fta\" data-element_type=\"container\">\n\t\t\t\t\t<div class=\"e-con-inner\">\n\t\t<div class=\"elementor-element elementor-element-f33af62 e-con-full e-flex e-con e-child\" data-id=\"f33af62\" data-element_type=\"container\">\n\t\t\t\t<div class=\"elementor-element elementor-element-74f25ee elementor-widget elementor-widget-heading\" data-id=\"74f25ee\" data-element_type=\"widget\" data-widget_type=\"heading.default\">\n\t\t\t\t<div class=\"elementor-widget-container\">\n\t\t\t\t\t<h1 class=\"elementor-heading-title elementor-size-default\">Soleviah<br>Il percorso non scontato<\/h1>\t\t\t\t<\/div>\n\t\t\t\t<\/div>\n\t\t\t\t<div class=\"elementor-element elementor-element-8f95ce1 elementor-widget elementor-widget-heading\" data-id=\"8f95ce1\" data-element_type=\"widget\" data-widget_type=\"heading.default\">\n\t\t\t\t<div class=\"elementor-widget-container\">\n\t\t\t\t\t<span class=\"elementor-heading-title elementor-size-default\">Creare storie senza tempo in ogni pezzo<\/span>\t\t\t\t<\/div>\n\t\t\t\t<\/div>\n\t\t\t\t<\/div>\n\t\t\t\t\t<\/div>\n\t\t\t\t<\/div>\n\t\t<div class=\"elementor-element elementor-element-on3t3g2 e-flex e-con-boxed e-con e-parent\" data-id=\"on3t3g2\" data-element_type=\"container\" data-settings=\"{&quot;background_background&quot;:&quot;classic&quot;}\">\n\t\t\t\t\t<div class=\"e-con-inner\">\n\t\t<div class=\"elementor-element elementor-element-8d56ee4 e-con-full e-flex e-con e-child\" data-id=\"8d56ee4\" data-element_type=\"container\">\n\t\t<div class=\"elementor-element elementor-element-147497f e-con-full e-flex e-con e-child\" data-id=\"147497f\" data-element_type=\"container\">\n\t\t<div class=\"elementor-element elementor-element-070bc93 e-con-full e-flex e-con e-child\" data-id=\"070bc93\" data-element_type=\"container\">\n\t\t\t\t<div class=\"elementor-element elementor-element-ada0517 elementor-widget elementor-widget-image\" data-id=\"ada0517\" data-element_type=\"widget\" data-widget_type=\"image.default\">\n\t\t\t\t<div class=\"elementor-widget-container\">\n\t\t\t\t\t\t\t\t\t\t\t\t\t\t\t<img fetchpriority=\"high\" decoding=\"async\" width=\"2560\" height=\"2560\" src=\"https:\/\/soleviah.com\/wp-content\/uploads\/2025\/06\/e85738e0fed372ce07cd62e0b952e17-1-scaled.jpg\" class=\"attachment-full size-full wp-image-11878\" alt=\"\" srcset=\"https:\/\/soleviah.com\/wp-content\/uploads\/2025\/06\/e85738e0fed372ce07cd62e0b952e17-1-scaled.jpg 2560w, https:\/\/soleviah.com\/wp-content\/uploads\/2025\/06\/e85738e0fed372ce07cd62e0b952e17-1-300x300.jpg 300w, https:\/\/soleviah.com\/wp-content\/uploads\/2025\/06\/e85738e0fed372ce07cd62e0b952e17-1-1024x1024.jpg 1024w, https:\/\/soleviah.com\/wp-content\/uploads\/2025\/06\/e85738e0fed372ce07cd62e0b952e17-1-150x150.jpg 150w, https:\/\/soleviah.com\/wp-content\/uploads\/2025\/06\/e85738e0fed372ce07cd62e0b952e17-1-768x768.jpg 768w, https:\/\/soleviah.com\/wp-content\/uploads\/2025\/06\/e85738e0fed372ce07cd62e0b952e17-1-1536x1536.jpg 1536w, https:\/\/soleviah.com\/wp-content\/uploads\/2025\/06\/e85738e0fed372ce07cd62e0b952e17-1-2048x2048.jpg 2048w, https:\/\/soleviah.com\/wp-content\/uploads\/2025\/06\/e85738e0fed372ce07cd62e0b952e17-1-12x12.jpg 12w, https:\/\/soleviah.com\/wp-content\/uploads\/2025\/06\/e85738e0fed372ce07cd62e0b952e17-1-600x600.jpg 600w, https:\/\/soleviah.com\/wp-content\/uploads\/2025\/06\/e85738e0fed372ce07cd62e0b952e17-1-200x200.jpg 200w, https:\/\/soleviah.com\/wp-content\/uploads\/2025\/06\/e85738e0fed372ce07cd62e0b952e17-1-96x96.jpg 96w\" sizes=\"(max-width: 2560px) 100vw, 2560px\" \/>\t\t\t\t\t\t\t\t\t\t\t\t\t\t\t<\/div>\n\t\t\t\t<\/div>\n\t\t\t\t<\/div>\n\t\t<div class=\"elementor-element elementor-element-c1b2f2d e-con-full e-flex e-con e-child\" data-id=\"c1b2f2d\" data-element_type=\"container\">\n\t\t\t\t<div class=\"elementor-element elementor-element-28be568 elementor-widget elementor-widget-heading\" data-id=\"28be568\" data-element_type=\"widget\" data-widget_type=\"heading.default\">\n\t\t\t\t<div class=\"elementor-widget-container\">\n\t\t\t\t\t<h2 class=\"elementor-heading-title elementor-size-default\">La filosofia Soleviah<\/h2>\t\t\t\t<\/div>\n\t\t\t\t<\/div>\n\t\t\t\t<div class=\"elementor-element elementor-element-f4de923 elementor-widget elementor-widget-text-editor\" data-id=\"f4de923\" data-element_type=\"widget\" data-widget_type=\"text-editor.default\">\n\t\t\t\t<div class=\"elementor-widget-container\">\n\t\t\t\t\t\t\t\t\t<p>Da un decennio, Soleviah padroneggia la creazione di gioielli in cui ogni pezzo trascende l'ornamento per diventare un contenitore di narrazione personale. Parliamo alle anime che cercano la profondit\u00e0 piuttosto che la spettacolarit\u00e0.<\/p><p>Ogni creazione inizia con materiali curati: metalli pregiati, cristalli naturali, zirconi di precisione e perle serene. Ma la maestria sta nel coniugare l'artigianato tradizionale con la visione contemporanea.<\/p><p>Perseguiamo l'aspetto trascurato: il peso perfetto, le linee senza soluzione di continuit\u00e0, le texture invitanti. I nostri artigiani sanno che il lusso vive in dettagli invisibili che creano una presenza inconfondibile, una sicurezza silenziosa che si annuncia sottovoce.<\/p>\t\t\t\t\t\t\t\t<\/div>\n\t\t\t\t<\/div>\n\t\t\t\t<\/div>\n\t\t\t\t<\/div>\n\t\t<div class=\"elementor-element elementor-element-aa5796e e-con-full e-flex e-con e-child\" data-id=\"aa5796e\" data-element_type=\"container\">\n\t\t<div class=\"elementor-element elementor-element-884e89a e-con-full e-flex e-con e-child\" data-id=\"884e89a\" data-element_type=\"container\">\n\t\t\t\t<div class=\"elementor-element elementor-element-42141ac elementor-widget elementor-widget-heading\" data-id=\"42141ac\" data-element_type=\"widget\" data-widget_type=\"heading.default\">\n\t\t\t\t<div class=\"elementor-widget-container\">\n\t\t\t\t\t<h2 class=\"elementor-heading-title elementor-size-default\">Il Soleviah Craft - L'alchimia del lusso tranquillo<\/h2>\t\t\t\t<\/div>\n\t\t\t\t<\/div>\n\t\t\t\t<div class=\"elementor-element elementor-element-1e9397a elementor-widget elementor-widget-text-editor\" data-id=\"1e9397a\" data-element_type=\"widget\" data-widget_type=\"text-editor.default\">\n\t\t\t\t<div class=\"elementor-widget-container\">\n\t\t\t\t\t\t\t\t\t<ul><li><p>Da un decennio, Soleviah padroneggia la creazione di gioielli in cui ogni pezzo trascende l'ornamento per diventare un contenitore di narrazione personale. Parliamo alle anime che cercano la profondit\u00e0 piuttosto che la spettacolarit\u00e0.<\/p><p>Ogni creazione inizia con materiali curati: metalli pregiati, cristalli naturali, zirconi di precisione e perle serene. Ma la maestria sta nel coniugare l'artigianato tradizionale con la visione contemporanea.<\/p><p>Perseguiamo l'aspetto trascurato: il peso perfetto, le linee senza soluzione di continuit\u00e0, le texture invitanti. I nostri artigiani sanno che il lusso vive in dettagli invisibili che creano una presenza inconfondibile, una sicurezza silenziosa che si annuncia sottovoce.<\/p><\/li><\/ul>\t\t\t\t\t\t\t\t<\/div>\n\t\t\t\t<\/div>\n\t\t\t\t<\/div>\n\t\t<div class=\"elementor-element elementor-element-a4186ff e-con-full e-flex e-con e-child\" data-id=\"a4186ff\" data-element_type=\"container\">\n\t\t\t\t<div class=\"elementor-element elementor-element-c20208f elementor-widget elementor-widget-image\" data-id=\"c20208f\" data-element_type=\"widget\" data-widget_type=\"image.default\">\n\t\t\t\t<div class=\"elementor-widget-container\">\n\t\t\t\t\t\t\t\t\t\t\t\t\t\t\t<img decoding=\"async\" width=\"2560\" height=\"2560\" src=\"https:\/\/soleviah.com\/wp-content\/uploads\/2025\/06\/BUTTON-COVERS-scaled.jpg\" class=\"attachment-full size-full wp-image-11969\" alt=\"\" srcset=\"https:\/\/soleviah.com\/wp-content\/uploads\/2025\/06\/BUTTON-COVERS-scaled.jpg 2560w, https:\/\/soleviah.com\/wp-content\/uploads\/2025\/06\/BUTTON-COVERS-300x300.jpg 300w, https:\/\/soleviah.com\/wp-content\/uploads\/2025\/06\/BUTTON-COVERS-1024x1024.jpg 1024w, https:\/\/soleviah.com\/wp-content\/uploads\/2025\/06\/BUTTON-COVERS-150x150.jpg 150w, https:\/\/soleviah.com\/wp-content\/uploads\/2025\/06\/BUTTON-COVERS-768x768.jpg 768w, https:\/\/soleviah.com\/wp-content\/uploads\/2025\/06\/BUTTON-COVERS-1536x1536.jpg 1536w, https:\/\/soleviah.com\/wp-content\/uploads\/2025\/06\/BUTTON-COVERS-2048x2048.jpg 2048w, https:\/\/soleviah.com\/wp-content\/uploads\/2025\/06\/BUTTON-COVERS-12x12.jpg 12w, https:\/\/soleviah.com\/wp-content\/uploads\/2025\/06\/BUTTON-COVERS-600x600.jpg 600w, https:\/\/soleviah.com\/wp-content\/uploads\/2025\/06\/BUTTON-COVERS-200x200.jpg 200w, https:\/\/soleviah.com\/wp-content\/uploads\/2025\/06\/BUTTON-COVERS-96x96.jpg 96w\" sizes=\"(max-width: 2560px) 100vw, 2560px\" \/>\t\t\t\t\t\t\t\t\t\t\t\t\t\t\t<\/div>\n\t\t\t\t<\/div>\n\t\t\t\t<\/div>\n\t\t\t\t<\/div>\n\t\t<div class=\"elementor-element elementor-element-73af396 e-con-full e-flex e-con e-child\" data-id=\"73af396\" data-element_type=\"container\">\n\t\t<div class=\"elementor-element elementor-element-6117509 e-con-full e-flex e-con e-child\" data-id=\"6117509\" data-element_type=\"container\">\n\t\t\t\t<div class=\"elementor-element elementor-element-d14d7d8 elementor-widget elementor-widget-image\" data-id=\"d14d7d8\" data-element_type=\"widget\" data-widget_type=\"image.default\">\n\t\t\t\t<div class=\"elementor-widget-container\">\n\t\t\t\t\t\t\t\t\t\t\t\t\t\t\t<img decoding=\"async\" width=\"1000\" height=\"1000\" src=\"https:\/\/soleviah.com\/wp-content\/uploads\/2025\/06\/BRACELET.png\" class=\"attachment-full size-full wp-image-11968\" alt=\"\" srcset=\"https:\/\/soleviah.com\/wp-content\/uploads\/2025\/06\/BRACELET.png 1000w, https:\/\/soleviah.com\/wp-content\/uploads\/2025\/06\/BRACELET-300x300.png 300w, https:\/\/soleviah.com\/wp-content\/uploads\/2025\/06\/BRACELET-150x150.png 150w, https:\/\/soleviah.com\/wp-content\/uploads\/2025\/06\/BRACELET-768x768.png 768w, https:\/\/soleviah.com\/wp-content\/uploads\/2025\/06\/BRACELET-12x12.png 12w, https:\/\/soleviah.com\/wp-content\/uploads\/2025\/06\/BRACELET-600x600.png 600w, https:\/\/soleviah.com\/wp-content\/uploads\/2025\/06\/BRACELET-200x200.png 200w, https:\/\/soleviah.com\/wp-content\/uploads\/2025\/06\/BRACELET-96x96.png 96w\" sizes=\"(max-width: 1000px) 100vw, 1000px\" \/>\t\t\t\t\t\t\t\t\t\t\t\t\t\t\t<\/div>\n\t\t\t\t<\/div>\n\t\t\t\t<\/div>\n\t\t<div class=\"elementor-element elementor-element-7f69999 e-con-full e-flex e-con e-child\" data-id=\"7f69999\" data-element_type=\"container\">\n\t\t\t\t<div class=\"elementor-element elementor-element-ef9d348 elementor-widget elementor-widget-heading\" data-id=\"ef9d348\" data-element_type=\"widget\" data-widget_type=\"heading.default\">\n\t\t\t\t<div class=\"elementor-widget-container\">\n\t\t\t\t\t<h2 class=\"elementor-heading-title elementor-size-default\">La promessa di Soleviah - Eleganza illuminata per un'anima esigente<\/h2>\t\t\t\t<\/div>\n\t\t\t\t<\/div>\n\t\t\t\t<div class=\"elementor-element elementor-element-63de7fe elementor-widget elementor-widget-text-editor\" data-id=\"63de7fe\" data-element_type=\"widget\" data-widget_type=\"text-editor.default\">\n\t\t\t\t<div class=\"elementor-widget-container\">\n\t\t\t\t\t\t\t\t\t<p>Soleviah esiste per le anime che capiscono che il vero stile va abitato, non indossato. Creiamo per coloro che apprezzano il potere silenzioso e l'autenticit\u00e0 piuttosto che l'artificio.<\/p><p>I nostri gioielli diventano un'estensione del vostro paesaggio interiore, riflettendo i vostri valori, il vostro percorso e la vostra forza. Ogni pezzo non porta con s\u00e9 solo la maestria artigianale, ma anche i vostri ricordi e la vostra storia unica.<\/p><p>Percorrendo la nostra Via Sol - sentiero di luce - vi invitiamo a unirvi a questa raffinata ribellione contro l'ordinario. Dove l'eleganza non ha bisogno di annunci e la bellezza parla sottovoce.<\/p><p>Questa \u00e8 la promessa di Soleviah: gioielli che onorano chi siete. La nostra eredit\u00e0: dove la luce fluisce naturalmente e l'eleganza parla da s\u00e9.<\/p>\t\t\t\t\t\t\t\t<\/div>\n\t\t\t\t<\/div>\n\t\t\t\t<\/div>\n\t\t\t\t<\/div>\n\t\t\t\t<\/div>\n\t\t\t\t\t<\/div>\n\t\t\t\t<\/div>\n\t\t<div class=\"elementor-element elementor-element-e8a52d4 e-con-full e-flex e-con e-parent\" data-id=\"e8a52d4\" data-element_type=\"container\">\n\t\t<div class=\"elementor-element elementor-element-a9a6fba e-con-full title-instagram e-flex e-con e-child\" data-id=\"a9a6fba\" data-element_type=\"container\">\n\t\t<div class=\"elementor-element elementor-element-daecb0c e-con-full e-flex e-con e-child\" data-id=\"daecb0c\" data-element_type=\"container\">\n\t\t\t\t<div class=\"elementor-element elementor-element-3151cc8 elementor-widget__width-auto elementor-widget-tablet_extra__width-initial elementor-widget elementor-widget-heading\" data-id=\"3151cc8\" data-element_type=\"widget\" data-widget_type=\"heading.default\">\n\t\t\t\t<div class=\"elementor-widget-container\">\n\t\t\t\t\t<h2 class=\"elementor-heading-title elementor-size-default\">Seguiteci sui social media<\/h2>\t\t\t\t<\/div>\n\t\t\t\t<\/div>\n\t\t\t\t<div class=\"elementor-element elementor-element-928122f elementor-widget__width-auto elementor-widget elementor-widget-text-editor\" data-id=\"928122f\" data-element_type=\"widget\" data-widget_type=\"text-editor.default\">\n\t\t\t\t<div class=\"elementor-widget-container\">\n\t\t\t\t\t\t\t\t\t<div class=\"sub_title\"><p>Instagram: <a href=\"https:\/\/www.instagram.com\/soleviah\/\">@soleviah<\/a><\/p><p>TikTok: <a href=\"https:\/\/www.tiktok.com\/@SOLEVIAH.IT\">@soleviah.it<\/a><\/p><\/div>\t\t\t\t\t\t\t\t<\/div>\n\t\t\t\t<\/div>\n\t\t\t\t<\/div>\n\t\t<div class=\"elementor-element elementor-element-8b2fe05 e-flex e-con-boxed e-con e-child\" data-id=\"8b2fe05\" data-element_type=\"container\">\n\t\t\t\t\t<div class=\"e-con-inner\">\n\t\t\t\t<div class=\"elementor-element elementor-element-b2a2135 elementor-shape-circle elementor-grid-0 e-grid-align-center elementor-widget elementor-widget-social-icons\" data-id=\"b2a2135\" data-element_type=\"widget\" data-widget_type=\"social-icons.default\">\n\t\t\t\t<div class=\"elementor-widget-container\">\n\t\t\t\t\t\t\t<div class=\"elementor-social-icons-wrapper elementor-grid\">\n\t\t\t\t\t\t\t<span class=\"elementor-grid-item\">\n\t\t\t\t\t<a class=\"elementor-icon elementor-social-icon elementor-social-icon-tiktok elementor-repeater-item-2ea3a92\" href=\"https:\/\/www.tiktok.com\/@SOLEVIAH.IT\" target=\"_blank\">\n\t\t\t\t\t\t<span class=\"elementor-screen-only\">Tiktok<\/span>\n\t\t\t\t\t\t<svg class=\"e-font-icon-svg e-fab-tiktok\" viewbox=\"0 0 448 512\" xmlns=\"http:\/\/www.w3.org\/2000\/svg\"><path d=\"M448,209.91a210.06,210.06,0,0,1-122.77-39.25V349.38A162.55,162.55,0,1,1,185,188.31V278.2a74.62,74.62,0,1,0,52.23,71.18V0l88,0a121.18,121.18,0,0,0,1.86,22.17h0A122.18,122.18,0,0,0,381,102.39a121.43,121.43,0,0,0,67,20.14Z\"><\/path><\/svg>\t\t\t\t\t<\/a>\n\t\t\t\t<\/span>\n\t\t\t\t\t\t\t<span class=\"elementor-grid-item\">\n\t\t\t\t\t<a class=\"elementor-icon elementor-social-icon elementor-social-icon-instagram elementor-repeater-item-a451266\" href=\"https:\/\/www.instagram.com\/soleviah\/\" target=\"_blank\">\n\t\t\t\t\t\t<span class=\"elementor-screen-only\">Instagram<\/span>\n\t\t\t\t\t\t<svg class=\"e-font-icon-svg e-fab-instagram\" viewbox=\"0 0 448 512\" xmlns=\"http:\/\/www.w3.org\/2000\/svg\"><path d=\"M224.1 141c-63.6 0-114.9 51.3-114.9 114.9s51.3 114.9 114.9 114.9S339 319.5 339 255.9 287.7 141 224.1 141zm0 189.6c-41.1 0-74.7-33.5-74.7-74.7s33.5-74.7 74.7-74.7 74.7 33.5 74.7 74.7-33.6 74.7-74.7 74.7zm146.4-194.3c0 14.9-12 26.8-26.8 26.8-14.9 0-26.8-12-26.8-26.8s12-26.8 26.8-26.8 26.8 12 26.8 26.8zm76.1 27.2c-1.7-35.9-9.9-67.7-36.2-93.9-26.2-26.2-58-34.4-93.9-36.2-37-2.1-147.9-2.1-184.9 0-35.8 1.7-67.6 9.9-93.9 36.1s-34.4 58-36.2 93.9c-2.1 37-2.1 147.9 0 184.9 1.7 35.9 9.9 67.7 36.2 93.9s58 34.4 93.9 36.2c37 2.1 147.9 2.1 184.9 0 35.9-1.7 67.7-9.9 93.9-36.2 26.2-26.2 34.4-58 36.2-93.9 2.1-37 2.1-147.8 0-184.8zM398.8 388c-7.8 19.6-22.9 34.7-42.6 42.6-29.5 11.7-99.5 9-132.1 9s-102.7 2.6-132.1-9c-19.6-7.8-34.7-22.9-42.6-42.6-11.7-29.5-9-99.5-9-132.1s-2.6-102.7 9-132.1c7.8-19.6 22.9-34.7 42.6-42.6 29.5-11.7 99.5-9 132.1-9s102.7-2.6 132.1 9c19.6 7.8 34.7 22.9 42.6 42.6 11.7 29.5 9 99.5 9 132.1s2.7 102.7-9 132.1z\"><\/path><\/svg>\t\t\t\t\t<\/a>\n\t\t\t\t<\/span>\n\t\t\t\t\t<\/div>\n\t\t\t\t\t\t<\/div>\n\t\t\t\t<\/div>\n\t\t\t\t\t<\/div>\n\t\t\t\t<\/div>\n\t\t\t\t<\/div>\n\t\t\t\t<\/div>\n\t\t\t\t<\/div>","protected":false},"excerpt":{"rendered":"<p>SoleviahIl percorso discreto Creare storie senza tempo in ogni pezzo La filosofia Soleviah Da un decennio, Soleviah padroneggia la creazione di gioielli in cui ogni pezzo trascende l'ornamento per diventare un contenitore di narrazione personale. Parliamo alle anime che cercano la profondit\u00e0 piuttosto che la spettacolarit\u00e0. Ogni creazione inizia con materiali curati: metalli pregiati, cristalli naturali, zirconi di precisione e perle serene. Eppure [...]<\/p>","protected":false},"author":1,"featured_media":0,"parent":0,"menu_order":0,"comment_status":"closed","ping_status":"closed","template":"","meta":{"_acf_changed":false,"footnotes":""},"class_list":["post-11416","page","type-page","status-publish","hentry"],"acf":[],"_links":{"self":[{"href":"https:\/\/soleviah.com\/it\/wp-json\/wp\/v2\/pages\/11416","targetHints":{"allow":["GET"]}}],"collection":[{"href":"https:\/\/soleviah.com\/it\/wp-json\/wp\/v2\/pages"}],"about":[{"href":"https:\/\/soleviah.com\/it\/wp-json\/wp\/v2\/types\/page"}],"author":[{"embeddable":true,"href":"https:\/\/soleviah.com\/it\/wp-json\/wp\/v2\/users\/1"}],"replies":[{"embeddable":true,"href":"https:\/\/soleviah.com\/it\/wp-json\/wp\/v2\/comments?post=11416"}],"version-history":[{"count":3,"href":"https:\/\/soleviah.com\/it\/wp-json\/wp\/v2\/pages\/11416\/revisions"}],"predecessor-version":[{"id":12029,"href":"https:\/\/soleviah.com\/it\/wp-json\/wp\/v2\/pages\/11416\/revisions\/12029"}],"wp:attachment":[{"href":"https:\/\/soleviah.com\/it\/wp-json\/wp\/v2\/media?parent=11416"}],"curies":[{"name":"wp","href":"https:\/\/api.w.org\/{rel}","templated":true}]}}